{"id":1738,"date":"2025-01-20T13:16:03","date_gmt":"2025-01-20T18:16:03","guid":{"rendered":"https:\/\/vitalitetherapie.com\/politique-de-confidentialite\/"},"modified":"2025-01-20T13:33:36","modified_gmt":"2025-01-20T18:33:36","slug":"privacy-policy","status":"publish","type":"page","link":"https:\/\/vitalitetherapie.com\/en\/privacy-policy\/","title":{"rendered":"Privacy Policy"},"content":{"rendered":"<p><div class=\"fusion-bg-parallax\" data-bg-align=\"center center\" data-direction=\"up\" data-mute=\"false\" data-opacity=\"100\" data-velocity=\"-0.3\" data-mobile-enabled=\"false\" data-break_parents=\"0\" data-bg-image=\"http:\/\/vitalitetherapie.com\/wp-content\/uploads\/2018\/01\/BAckImage_AccParent_Enfant.jpg\" data-bg-repeat=\"false\" ><\/div><div class=\"fusion-fullwidth fullwidth-box fusion-builder-row-1 fusion-parallax-up hundred-percent-fullwidth non-hundred-percent-height-scrolling entetepage\" style=\"--awb-border-radius-top-left:0px;--awb-border-radius-top-right:0px;--awb-border-radius-bottom-right:0px;--awb-border-radius-bottom-left:0px;--awb-padding-top:250px;--awb-padding-right:0px;--awb-padding-bottom:0px;--awb-padding-left:0px;--awb-margin-top:0px;--awb-margin-bottom:0px;--awb-background-image:url(&quot;http:\/\/vitalitetherapie.com\/wp-content\/uploads\/2018\/01\/BAckImage_AccParent_Enfant.jpg&quot;);--awb-background-size:cover;--awb-flex-wrap:wrap;\" ><div class=\"fusion-builder-row fusion-row\"><div class=\"fusion-layout-column fusion_builder_column fusion-builder-column-0 fusion_builder_column_1_1 1_1 fusion-one-full fusion-column-first fusion-column-last\" style=\"--awb-padding-top:70px;--awb-bg-size:cover;--awb-margin-bottom:0px;\"><div class=\"fusion-column-wrapper fusion-flex-column-wrapper-legacy\"><div class=\"fusion-text fusion-text-1\"><h2 class=\"titrepage\" style=\"text-align: center;\">Privacy Policy<\/h2>\n<div id=\"gtx-trans\" style=\"position: absolute; left: 700px; top: 52.4141px;\">\n<div class=\"gtx-trans-icon\"><\/div>\n<\/div>\n<\/div><div class=\"fusion-clearfix\"><\/div><\/div><\/div><div class=\"fusion-layout-column fusion_builder_column fusion-builder-column-1 fusion_builder_column_1_1 1_1 fusion-one-full fusion-column-first fusion-column-last\" style=\"--awb-padding-top:100px;--awb-bg-size:cover;--awb-margin-bottom:0px;\"><div class=\"fusion-column-wrapper fusion-flex-column-wrapper-legacy\"><div class=\"fusion-image-element in-legacy-container\" style=\"--awb-caption-title-font-family:var(--h2_typography-font-family);--awb-caption-title-font-weight:var(--h2_typography-font-weight);--awb-caption-title-font-style:var(--h2_typography-font-style);--awb-caption-title-size:var(--h2_typography-font-size);--awb-caption-title-transform:var(--h2_typography-text-transform);--awb-caption-title-line-height:var(--h2_typography-line-height);--awb-caption-title-letter-spacing:var(--h2_typography-letter-spacing);\"><span class=\" fusion-imageframe imageframe-none imageframe-1 hover-type-none curve\"><img decoding=\"async\" width=\"2000\" height=\"308\" title=\"curve_petite_Bas_bleu\" src=\"http:\/\/vitalitetherapie.com\/wp-content\/uploads\/2018\/04\/curve_petite_Bas_bleu.png\" alt class=\"img-responsive wp-image-1652\" srcset=\"https:\/\/vitalitetherapie.com\/wp-content\/uploads\/2018\/04\/curve_petite_Bas_bleu-200x31.png 200w, https:\/\/vitalitetherapie.com\/wp-content\/uploads\/2018\/04\/curve_petite_Bas_bleu-400x62.png 400w, https:\/\/vitalitetherapie.com\/wp-content\/uploads\/2018\/04\/curve_petite_Bas_bleu-600x92.png 600w, https:\/\/vitalitetherapie.com\/wp-content\/uploads\/2018\/04\/curve_petite_Bas_bleu-800x123.png 800w, https:\/\/vitalitetherapie.com\/wp-content\/uploads\/2018\/04\/curve_petite_Bas_bleu-1200x185.png 1200w, https:\/\/vitalitetherapie.com\/wp-content\/uploads\/2018\/04\/curve_petite_Bas_bleu.png 2000w\" sizes=\"(max-width: 800px) 100vw, 1200px\" \/><\/span><\/div><div class=\"fusion-clearfix\"><\/div><\/div><\/div><\/div><\/div><div class=\"fusion-fullwidth fullwidth-box fusion-builder-row-2 fusion-flex-container nonhundred-percent-fullwidth non-hundred-percent-height-scrolling\" style=\"--awb-border-radius-top-left:0px;--awb-border-radius-top-right:0px;--awb-border-radius-bottom-right:0px;--awb-border-radius-bottom-left:0px;--awb-background-color:#1f2641;--awb-flex-wrap:wrap;\" ><div class=\"fusion-builder-row fusion-row fusion-flex-align-items-flex-start fusion-flex-content-wrap\" style=\"max-width:1144px;margin-left: calc(-4% \/ 2 );margin-right: calc(-4% \/ 2 );\"><div class=\"fusion-layout-column fusion_builder_column fusion-builder-column-2 fusion_builder_column_1_1 1_1 fusion-flex-column\" style=\"--awb-padding-top:20px;--awb-bg-size:cover;--awb-width-large:100%;--awb-margin-top-large:0px;--awb-spacing-right-large:1.92%;--awb-margin-bottom-large:20px;--awb-spacing-left-large:1.92%;--awb-width-medium:100%;--awb-order-medium:0;--awb-spacing-right-medium:1.92%;--awb-spacing-left-medium:1.92%;--awb-width-small:100%;--awb-order-small:0;--awb-spacing-right-small:1.92%;--awb-spacing-left-small:1.92%;\"><div class=\"fusion-column-wrapper fusion-column-has-shadow fusion-flex-justify-content-flex-start fusion-content-layout-column\"><div class=\"fusion-text fusion-text-2\"><p>We are committed to protecting the confidentiality and security of our clients&#8217; and employees&#8217; personal information while adhering to strict standards of ethics and professional integrity. This privacy policy describes how we collect, use, disclose, and protect your personal information in accordance with Quebec&#8217;s Law 25.<\/p>\n<h2>Collection of Personal Information<\/h2>\n<p>We collect personal information when you:<\/p>\n<ul>\n<li>Make an appointment<\/li>\n<li>Fill out health questionnaires<\/li>\n<li>Participate in quality surveys or contests<\/li>\n<li>Communicate with us by phone, email, or in person<\/li>\n<li>Interact with our business in any way<\/li>\n<li>Visit our website<\/li>\n<\/ul>\n<p>The personal information we collect may include your name, first name, address, date of birth, phone number, email address, health information, payment information, IP address, and any other necessary information that allows us to provide you with quality services.<\/p>\n<h2>Use of Personal Information<\/h2>\n<p>We use your personal information to:<\/p>\n<ul>\n<li>Plan, manage, and create care plans tailored to your needs<\/li>\n<li>Communicate with you about your appointments and our services<\/li>\n<li>Send you newsletters or promotional offers<\/li>\n<li>Generate statistics<\/li>\n<li>Identify usage trends of our services<\/li>\n<li>Comply with legal and regulatory requirements imposed by the government as well as the Quebec Federation of Certified Massage Therapists and any other association we are part of to practice our profession.<\/li>\n<\/ul>\n<h2>Disclosure of Personal Information<\/h2>\n<p>We do not disclose your personal information to third parties without your consent, except as required by law or as necessary to provide our clinic services. When you make an appointment, your health questionnaire will be accessible to the team of massage therapists to prepare and better manage the care that will be provided to you. Vitalit\u00e9 Massoth\u00e9rapie employees will have access to the information necessary for the performance of their duties. For other healthcare professionals, your consent will always be requested.<\/p>\n<h2>Protection of Personal Information<\/h2>\n<p>We take reasonable measures to protect your personal information against loss, theft, unauthorized access, disclosure, copying, use, or modification. These measures include appropriate physical, administrative, and technical controls. We follow the rules of the code of ethics established by the Quebec Federation of Certified Massage Therapists regarding record keeping. For the online appointment booking platform, we have chosen to work with GOrendez-vous because of its high security standards that comply with Quebec&#8217;s Law 25 on the protection of personal information.<\/p>\n<h2>Access and Correction of Personal Information<\/h2>\n<p>You have the right to access your personal information and request corrections if you believe it is inaccurate or incomplete. To exercise this right, please contact us at info@vitalitetherapie.com<\/p>\n<h2>Cookies<\/h2>\n<p>Cookies help the site function properly; some cookies will be necessary to better navigate our website. All other cookies must be approved by you before being installed. To manage CMP consent collection, we use the Didomi platform, which is recognized as a global leader in this field. Additionally, our URL starting with HTTPS is encrypted and secured by an SSL certificate to protect your information.<\/p>\n<h2>Changes to this Privacy Policy<\/h2>\n<p>We may update this privacy policy from time to time to reflect changes in our practices or legal requirements. We will inform you of any significant changes by posting the revised policy on our website.<\/p>\n<h2>Contact Us<\/h2>\n<p>If you have any questions or concerns regarding this privacy policy or our personal information management practices, please contact the data protection officer: Ana-Rosa<\/p>\n<p>Marchisio, Vitalit\u00e9 Massoth\u00e9rapie inc, 5262 B\u00e9langer, Montreal (Quebec) H1T 1E2. (514) 227-0207. info@vitalitetherapie.com<\/p>\n<p>Updated on: January 16, 2025<\/p>\n<p>Thank you for your trust, the Vitalit\u00e9 team!<\/p>\n<\/div><\/div><\/div><\/div><\/div><\/p>\n","protected":false},"excerpt":{"rendered":"","protected":false},"author":1,"featured_media":0,"parent":0,"menu_order":0,"comment_status":"closed","ping_status":"closed","template":"100-width.php","meta":{"_seopress_robots_primary_cat":"","_seopress_titles_title":"","_seopress_titles_desc":"","_seopress_robots_index":"","footnotes":""},"class_list":["post-1738","page","type-page","status-publish","hentry"],"_links":{"self":[{"href":"https:\/\/vitalitetherapie.com\/en\/wp-json\/wp\/v2\/pages\/1738\/"}],"collection":[{"href":"https:\/\/vitalitetherapie.com\/en\/wp-json\/wp\/v2\/pages\/"}],"about":[{"href":"https:\/\/vitalitetherapie.com\/en\/wp-json\/wp\/v2\/types\/page\/"}],"author":[{"embeddable":true,"href":"https:\/\/vitalitetherapie.com\/en\/wp-json\/wp\/v2\/users\/1\/"}],"replies":[{"embeddable":true,"href":"https:\/\/vitalitetherapie.com\/en\/wp-json\/wp\/v2\/comments\/?post=1738"}],"version-history":[{"count":2,"href":"https:\/\/vitalitetherapie.com\/en\/wp-json\/wp\/v2\/pages\/1738\/revisions\/"}],"predecessor-version":[{"id":1740,"href":"https:\/\/vitalitetherapie.com\/en\/wp-json\/wp\/v2\/pages\/1738\/revisions\/1740\/"}],"wp:attachment":[{"href":"https:\/\/vitalitetherapie.com\/en\/wp-json\/wp\/v2\/media\/?parent=1738"}],"curies":[{"name":"wp","href":"https:\/\/api.w.org\/{rel}","templated":true}]}}